{"id":3867,"date":"2024-11-01T15:14:19","date_gmt":"2024-11-01T15:14:19","guid":{"rendered":"https:\/\/synetikdesign.com\/thank-you\/"},"modified":"2024-11-05T16:46:07","modified_gmt":"2024-11-05T16:46:07","slug":"thank-you","status":"publish","type":"page","link":"https:\/\/synetik.com\/en\/thank-you\/","title":{"rendered":"Thank you\/Merci"},"content":{"rendered":"\n<p>Thank you for your request! We&#8217;re reviewing your details and will send you a personalized quote soon. Feel free to reach out if you have any questions. We look forward to serving you!<\/p>\n\n\n\n<p>Merci pour votre demande! Nous examinons vos informations et vous enverrons bient\u00f4t un devis personnalis\u00e9. N&#8217;h\u00e9sitez pas \u00e0 nous contacter si vous avez des questions. Au plaisir de vous servir!<\/p>\n","protected":false},"excerpt":{"rendered":"<p>Thank you for your request! We&#8217;re reviewing your details and will send you a personalized quote soon. Feel free to reach out if you have any questions. We look forward to serving you! Merci pour votre demande! Nous examinons vos informations et vous enverrons bient\u00f4t un devis personnalis\u00e9. N&#8217;h\u00e9sitez pas \u00e0 nous contacter si vous [&hellip;]<\/p>\n","protected":false},"author":9,"featured_media":0,"parent":0,"menu_order":0,"comment_status":"closed","ping_status":"closed","template":"temp-thanks.php","meta":{"_acf_changed":false,"footnotes":""},"class_list":["post-3867","page","type-page","status-publish","hentry"],"acf":[],"_links":{"self":[{"href":"https:\/\/synetik.com\/en\/wp-json\/wp\/v2\/pages\/3867","targetHints":{"allow":["GET"]}}],"collection":[{"href":"https:\/\/synetik.com\/en\/wp-json\/wp\/v2\/pages"}],"about":[{"href":"https:\/\/synetik.com\/en\/wp-json\/wp\/v2\/types\/page"}],"author":[{"embeddable":true,"href":"https:\/\/synetik.com\/en\/wp-json\/wp\/v2\/users\/9"}],"replies":[{"embeddable":true,"href":"https:\/\/synetik.com\/en\/wp-json\/wp\/v2\/comments?post=3867"}],"version-history":[{"count":1,"href":"https:\/\/synetik.com\/en\/wp-json\/wp\/v2\/pages\/3867\/revisions"}],"predecessor-version":[{"id":3883,"href":"https:\/\/synetik.com\/en\/wp-json\/wp\/v2\/pages\/3867\/revisions\/3883"}],"wp:attachment":[{"href":"https:\/\/synetik.com\/en\/wp-json\/wp\/v2\/media?parent=3867"}],"curies":[{"name":"wp","href":"https:\/\/api.w.org\/{rel}","templated":true}]}}